{"id":3,"date":"2023-06-15T09:47:17","date_gmt":"2023-06-15T09:47:17","guid":{"rendered":"https:\/\/beratung.vamtam.com\/?page_id=3"},"modified":"2024-09-28T02:19:51","modified_gmt":"2024-09-27T23:19:51","slug":"kvkk","status":"publish","type":"page","link":"https:\/\/esrauysalyuksel.av.tr\/de\/kvkk\/","title":{"rendered":"KVKK"},"content":{"rendered":"\t\t<div data-elementor-type=\"wp-page\" data-elementor-id=\"3\" class=\"elementor elementor-3\" data-elementor-post-type=\"page\">\n\t\t\t\t\t\t<section class=\"elementor-section elementor-top-section elementor-element elementor-element-131db5f elementor-section-full_width elementor-section-content-middle elementor-section-height-default elementor-section-height-default\" data-id=\"131db5f\" data-element_type=\"section\">\n\t\t\t\t\t\t<div class=\"elementor-container elementor-column-gap-no\">\n\t\t\t\t\t<div class=\"elementor-column elementor-col-100 elementor-top-column elementor-element elementor-element-8e0feea\" data-id=\"8e0feea\" data-element_type=\"column\">\n\t\t\t<div class=\"elementor-widget-wrap elementor-element-populated\">\n\t\t\t\t\t\t<section class=\"elementor-section elementor-inner-section elementor-element elementor-element-30995f5 elementor-section-boxed elementor-section-height-default elementor-section-height-default\" data-id=\"30995f5\" data-element_type=\"section\">\n\t\t\t\t\t\t<div class=\"elementor-container elementor-column-gap-no\">\n\t\t\t\t\t<div class=\"elementor-column elementor-col-100 elementor-inner-column elementor-element elementor-element-a2472e3\" data-id=\"a2472e3\" data-element_type=\"column\">\n\t\t\t<div class=\"elementor-widget-wrap elementor-element-populated\">\n\t\t\t\t\t\t<div class=\"elementor-element elementor-element-7c7b31a elementor-widget elementor-widget-text-editor\" data-id=\"7c7b31a\" data-element_type=\"widget\" data-widget_type=\"text-editor.default\">\n\t\t\t\t<div class=\"elementor-widget-container\">\n\t\t\t<style>\/*! elementor - v3.23.0 - 05-08-2024 *\/\n.elementor-widget-text-editor.elementor-drop-cap-view-stacked .elementor-drop-cap{background-color:#69727d;color:#fff}.elementor-widget-text-editor.elementor-drop-cap-view-framed .elementor-drop-cap{color:#69727d;border:3px solid;background-color:transparent}.elementor-widget-text-editor:not(.elementor-drop-cap-view-default) .elementor-drop-cap{margin-top:8px}.elementor-widget-text-editor:not(.elementor-drop-cap-view-default) .elementor-drop-cap-letter{width:1em;height:1em}.elementor-widget-text-editor .elementor-drop-cap{float:left;text-align:center;line-height:1;font-size:50px}.elementor-widget-text-editor .elementor-drop-cap-letter{display:inline-block}<\/style>\t\t\t\t<p>Als Esra UYSAL Y\u00dcKSEL Anwalts-, Beratungs- und Mediationskanzlei legen wir gro\u00dfen Wert auf den Schutz Ihrer pers\u00f6nlichen Daten, die wir als verantwortliche Stelle im Sinne des Gesetzes Nr. 6698 zum Schutz personenbezogener Daten (\u201eKVKK\u201c) auf unserer Website <a href=\"http:\/\/www.esrauysalyuksel.av.tr\" target=\"_new\" rel=\"noopener\">www.esrauysalyuksel.av.tr<\/a> verarbeiten. Wir m\u00f6chten Sie daher mit diesem Informationsschreiben \u00fcber die Verarbeitung Ihrer personenbezogenen Daten informieren.<\/p><p><strong>1. Zwecke der Verarbeitung Ihrer personenbezogenen Daten<\/strong><\/p><p>Ihre personenbezogenen Daten werden im Einklang mit dem Gesetz Nr. 6698 zum Schutz personenbezogener Daten (\u201eKVKK\u201c) sowie den dazugeh\u00f6rigen sekund\u00e4ren Regelungen und beh\u00f6rdlichen Entscheidungen zu den nachstehend genannten Zwecken und rechtlichen Grundlagen verarbeitet:<\/p><ul><li><strong>Kontaktaufnahme:<\/strong> Wir k\u00f6nnen die von Ihnen bereitgestellten personenbezogenen Daten nutzen, um zu verschiedenen Zwecken mit Ihnen in Kontakt zu treten. Beispiele hierf\u00fcr sind Erinnerungen oder die Beantwortung von Nachrichten, die Sie uns \u00fcbermittelt haben, wobei dies nicht abschlie\u00dfend ist.<\/li><li><strong>Rechtliche Verpflichtungen:<\/strong> Ihre personenbezogenen Daten k\u00f6nnen verarbeitet, \u00fcbermittelt und f\u00fcr die in der einschl\u00e4gigen Gesetzgebung vorgeschriebene oder erforderliche Dauer gespeichert werden, falls dies durch eine Vorschrift, der <a href=\"http:\/\/www.esrauysalyuksel.av.tr\" target=\"_new\" rel=\"noopener\">www.esrauysalyuksel.av.tr<\/a> unterliegt, erforderlich ist.<\/li><li><strong>Streitbeilegung:<\/strong> Esra UYSAL Y\u00dcKSEL kann Ihre personenbezogenen Daten verarbeiten und an die zust\u00e4ndigen rechtlichen Beh\u00f6rden weitergeben, um zu beweisen, dass sie in \u00dcbereinstimmung mit dem Gesetz handelt und ihre gesetzlichen Verpflichtungen erf\u00fcllt, und um etwaige zuk\u00fcnftige Streitigkeiten beizulegen.<\/li><li><strong>Entwicklung und Kundenzufriedenheit:<\/strong> Ihre personenbezogenen Daten werden verarbeitet, um die Entwicklung von <a href=\"http:\/\/www.esrauysalyuksel.av.tr\" target=\"_new\" rel=\"noopener\">www.esrauysalyuksel.av.tr<\/a> zu f\u00f6rdern, die angebotenen Dienstleistungen zu verbessern und die Servicequalit\u00e4t zu steigern, sowie um Beschwerden, Vorschl\u00e4ge und W\u00fcnsche zu bewerten und Kundenzufriedenheit sicherzustellen.<\/li><\/ul><p><strong>Rechtliche Grundlagen der Verarbeitung Ihrer personenbezogenen Daten<\/strong><\/p><p>Ihre personenbezogenen Daten werden von Esra UYSAL Y\u00dcKSEL verarbeitet, wenn mindestens einer der im Gesetz festgelegten rechtlichen Gr\u00fcnde vorliegt. Die rechtlichen Grundlagen der oben genannten Zwecke der Verarbeitung personenbezogener Daten sind wie folgt:<\/p><ul><li>Die Datenverarbeitungsaktivit\u00e4ten zur Erf\u00fcllung unserer rechtlichen Verpflichtungen beruhen auf dem rechtlichen Grund, der in Artikel 5\/2 (\u00e7) des Gesetzes ausdr\u00fccklich angegeben ist.<\/li><li>Die Verarbeitung personenbezogener Daten zum Zwecke der Streitbeilegung basiert auf dem rechtlichen Grund der Geltendmachung, Aus\u00fcbung oder Wahrung eines Rechts gem\u00e4\u00df Artikel 5\/2 (e) des Gesetzes.<\/li><li>Die Aktivit\u00e4ten zur Verbesserung der Dienstleistungen und zur Erreichung der Kundenzufriedenheit sowie zur Kommunikation beruhen auf dem rechtlichen Grund des berechtigten Interesses gem\u00e4\u00df Artikel 5\/2 (f) des Gesetzes.<\/li><\/ul><p><strong>\u00dcbermittlung personenbezogener Daten<\/strong><\/p><p>Ihre personenbezogenen Daten k\u00f6nnen im Rahmen der Durchf\u00fchrung von Transaktionen, die Sie \u00fcber <a href=\"http:\/\/www.esrauysalyuksel.av.tr\" target=\"_new\" rel=\"noopener\">www.esrauysalyuksel.av.tr<\/a> t\u00e4tigen, sowie zur weiteren Bewertung und Verwaltung durch Esra UYSAL Y\u00dcKSEL mit den relevanten Institutionen und Organisationen geteilt werden. Dar\u00fcber hinaus k\u00f6nnen Ihre personenbezogenen Daten im Rahmen der in den Artikeln 8 und 9 des Gesetzes festgelegten Bedingungen mit den Gesch\u00e4ftspartnern von Esra UYSAL Y\u00dcKSEL und, falls gesetzliche Verpflichtungen erf\u00fcllt werden m\u00fcssen, mit den zust\u00e4ndigen \u00f6ffentlichen Einrichtungen und Organisationen geteilt werden.<\/p><p><strong>Methoden der Erhebung personenbezogener Daten<\/strong><\/p><p><a href=\"http:\/\/www.esrauysalyuksel.av.tr\" target=\"_new\" rel=\"noopener\">www.esrauysalyuksel.av.tr<\/a> kann Ihre personenbezogenen Daten im Rahmen der von ihr angebotenen Dienstleistungen und zu den oben genannten Zwecken elektronisch \u00fcber Callcenter und E-Mail-Kan\u00e4le sowie \u00fcber jegliche Formulare, Kommentarfelder, Antwortm\u00f6glichkeiten und \u00e4hnliche R\u00fcckgabem\u00f6glichkeiten auf <a href=\"http:\/\/www.esrauysalyuksel.av.tr\" target=\"_new\" rel=\"noopener\">www.esrauysalyuksel.av.tr<\/a> sowie durch entsprechende Analyse-Tools erfassen. Dar\u00fcber hinaus k\u00f6nnen Ihre personenbezogenen Daten auch durch Cookies, die auf <a href=\"http:\/\/www.esrauysalyuksel.av.tr\" target=\"_new\" rel=\"noopener\">www.esrauysalyuksel.av.tr<\/a> verwendet werden, erfasst werden.<\/p><p><strong>Ihre Rechte<\/strong><\/p><p>Als Inhaber personenbezogener Daten haben Sie das Recht, Ihre Anfragen bez\u00fcglich Ihrer Rechte an Esra UYSAL Y\u00dcKSEL zu \u00fcbermitteln. Esra UYSAL Y\u00dcKSEL wird Ihre Anfrage je nach Art der Anfrage so schnell wie m\u00f6glich und sp\u00e4testens innerhalb von drei\u00dfig (30) Tagen kostenlos beantworten. Sollte jedoch eine zus\u00e4tzliche Geb\u00fchr erforderlich sein, wird die von der Datenschutzbeh\u00f6rde festgelegte Geb\u00fchr erhoben. In diesem Zusammenhang haben Sie das Recht:<\/p><ul><li>Zu erfahren, ob personenbezogene Daten verarbeitet wurden,<\/li><li>Informationen zu verlangen, wenn personenbezogene Daten verarbeitet wurden,<\/li><li>Den Zweck der Verarbeitung personenbezogener Daten zu erfahren und ob sie entsprechend ihrem Zweck verwendet werden,<\/li><li>Zu erfahren, an wen personenbezogene Daten im In- oder Ausland \u00fcbermittelt wurden,<\/li><li>Die Berichtigung unvollst\u00e4ndig oder unrichtig verarbeiteter personenbezogener Daten zu verlangen und die Mitteilung der in diesem Zusammenhang vorgenommenen Verarbeitung an Dritte zu verlangen, an die die personenbezogenen Daten \u00fcbermittelt wurden,<\/li><li>Die L\u00f6schung oder Vernichtung personenbezogener Daten zu verlangen, wenn die Gr\u00fcnde f\u00fcr ihre Verarbeitung entfallen, und die Mitteilung der in diesem Zusammenhang vorgenommenen Verarbeitung an Dritte zu verlangen, an die die personenbezogenen Daten \u00fcbermittelt wurden,<\/li><li>Der Analyse von verarbeiteten Daten ausschlie\u00dflich durch automatisierte Systeme zu widersprechen, wenn das Ergebnis zu Ihren Ungunsten ist,<\/li><li>Im Falle eines durch die rechtswidrige Verarbeitung personenbezogener Daten verursachten Schadens Schadensersatz zu verlangen.<\/li><\/ul><p>Um Anfragen in Bezug auf die Verarbeitung Ihrer personenbezogenen Daten zu stellen, m\u00fcssen Sie das auf der Website von Esra UYSAL Y\u00dcKSEL bereitgestellte Antragsformular ausf\u00fcllen und schriftlich einreichen oder Ihren Antrag per registrierter elektronischer Post (KEP), sicherer elektronischer Signatur, mobiler Signatur oder \u00fcber die von Ihnen zuvor angegebene und in unseren Aufzeichnungen enthaltene E-Mail-Adresse an Esra UYSAL Y\u00dcKSEL \u00fcbermitteln. Je nach Art und Methode Ihres Antrags kann Esra UYSAL Y\u00dcKSEL zur Feststellung, ob der Antrag von Ihnen stammt, und zum Schutz Ihrer Rechte zus\u00e4tzliche Verifizierungen anfordern (z. B. das Senden einer Nachricht an Ihre registrierte Telefonnummer oder einen Anruf).<\/p>\t\t\t\t\t\t<\/div>\n\t\t\t\t<\/div>\n\t\t\t\t\t<\/div>\n\t\t<\/div>\n\t\t\t\t\t<\/div>\n\t\t<\/section>\n\t\t\t\t<div class=\"elementor-element elementor-element-06b96c0 elementor-absolute elementor-widget elementor-widget-template\" data-id=\"06b96c0\" data-element_type=\"widget\" data-settings=\"{&quot;_position&quot;:&quot;absolute&quot;}\" data-widget_type=\"template.default\">\n\t\t\t\t<div class=\"elementor-widget-container\">\n\t\t\t\t\t<div class=\"elementor-template\">\n\t\t\t\t\t<div data-elementor-type=\"section\" data-elementor-id=\"10889\" class=\"elementor elementor-10889\" data-elementor-post-type=\"elementor_library\">\n\t\t\t\t\t<section class=\"elementor-section elementor-top-section elementor-element elementor-element-aff5d0f elementor-section-full_width elementor-section-height-default elementor-section-height-default\" data-id=\"aff5d0f\" data-element_type=\"section\" data-settings=\"{&quot;motion_fx_motion_fx_scrolling&quot;:&quot;yes&quot;,&quot;motion_fx_translateY_effect&quot;:&quot;yes&quot;,&quot;motion_fx_translateY_speed&quot;:{&quot;unit&quot;:&quot;px&quot;,&quot;size&quot;:1,&quot;sizes&quot;:[]},&quot;motion_fx_translateY_affectedRange&quot;:{&quot;unit&quot;:&quot;%&quot;,&quot;size&quot;:&quot;&quot;,&quot;sizes&quot;:{&quot;start&quot;:0,&quot;end&quot;:58}},&quot;motion_fx_devices&quot;:[&quot;desktop&quot;]}\">\n\t\t\t\t\t\t<div class=\"elementor-container elementor-column-gap-no\">\n\t\t\t\t\t<div class=\"elementor-column elementor-col-100 elementor-top-column elementor-element elementor-element-70019ce\" data-id=\"70019ce\" data-element_type=\"column\">\n\t\t\t<div class=\"elementor-widget-wrap elementor-element-populated\">\n\t\t\t\t\t\t<div class=\"elementor-element elementor-element-6ed649e elementor-widget__width-initial e-transform elementor-absolute elementor-widget elementor-widget-spacer\" data-id=\"6ed649e\" data-element_type=\"widget\" data-settings=\"{&quot;_transform_skewX_effect&quot;:{&quot;unit&quot;:&quot;px&quot;,&quot;size&quot;:-20,&quot;sizes&quot;:[]},&quot;_position&quot;:&quot;absolute&quot;,&quot;_transform_skewX_effect_tablet&quot;:{&quot;unit&quot;:&quot;deg&quot;,&quot;size&quot;:&quot;&quot;,&quot;sizes&quot;:[]},&quot;_transform_skewX_effect_mobile&quot;:{&quot;unit&quot;:&quot;deg&quot;,&quot;size&quot;:&quot;&quot;,&quot;sizes&quot;:[]},&quot;_transform_skewY_effect&quot;:{&quot;unit&quot;:&quot;px&quot;,&quot;size&quot;:&quot;&quot;,&quot;sizes&quot;:[]},&quot;_transform_skewY_effect_tablet&quot;:{&quot;unit&quot;:&quot;deg&quot;,&quot;size&quot;:&quot;&quot;,&quot;sizes&quot;:[]},&quot;_transform_skewY_effect_mobile&quot;:{&quot;unit&quot;:&quot;deg&quot;,&quot;size&quot;:&quot;&quot;,&quot;sizes&quot;:[]}}\" data-widget_type=\"spacer.default\">\n\t\t\t\t<div class=\"elementor-widget-container\">\n\t\t\t<style>\/*! elementor - v3.23.0 - 05-08-2024 *\/\n.elementor-column .elementor-spacer-inner{height:var(--spacer-size)}.e-con{--container-widget-width:100%}.e-con-inner>.elementor-widget-spacer,.e-con>.elementor-widget-spacer{width:var(--container-widget-width,var(--spacer-size));--align-self:var(--container-widget-align-self,initial);--flex-shrink:0}.e-con-inner>.elementor-widget-spacer>.elementor-widget-container,.e-con>.elementor-widget-spacer>.elementor-widget-container{height:100%;width:100%}.e-con-inner>.elementor-widget-spacer>.elementor-widget-container>.elementor-spacer,.e-con>.elementor-widget-spacer>.elementor-widget-container>.elementor-spacer{height:100%}.e-con-inner>.elementor-widget-spacer>.elementor-widget-container>.elementor-spacer>.elementor-spacer-inner,.e-con>.elementor-widget-spacer>.elementor-widget-container>.elementor-spacer>.elementor-spacer-inner{height:var(--container-widget-height,var(--spacer-size))}.e-con-inner>.elementor-widget-spacer.elementor-widget-empty,.e-con>.elementor-widget-spacer.elementor-widget-empty{position:relative;min-height:22px;min-width:22px}.e-con-inner>.elementor-widget-spacer.elementor-widget-empty .elementor-widget-empty-icon,.e-con>.elementor-widget-spacer.elementor-widget-empty .elementor-widget-empty-icon{position:absolute;top:0;bottom:0;left:0;right:0;margin:auto;padding:0;width:22px;height:22px}<\/style>\t\t<div class=\"elementor-spacer\">\n\t\t\t<div class=\"elementor-spacer-inner\"><\/div>\n\t\t<\/div>\n\t\t\t\t<\/div>\n\t\t\t\t<\/div>\n\t\t\t\t<div class=\"elementor-element elementor-element-c25e4d3 elementor-widget__width-initial e-transform elementor-absolute elementor-widget elementor-widget-spacer\" data-id=\"c25e4d3\" data-element_type=\"widget\" data-settings=\"{&quot;_transform_skewX_effect&quot;:{&quot;unit&quot;:&quot;px&quot;,&quot;size&quot;:-20,&quot;sizes&quot;:[]},&quot;_position&quot;:&quot;absolute&quot;,&quot;_transform_skewX_effect_tablet&quot;:{&quot;unit&quot;:&quot;deg&quot;,&quot;size&quot;:&quot;&quot;,&quot;sizes&quot;:[]},&quot;_transform_skewX_effect_mobile&quot;:{&quot;unit&quot;:&quot;deg&quot;,&quot;size&quot;:&quot;&quot;,&quot;sizes&quot;:[]},&quot;_transform_skewY_effect&quot;:{&quot;unit&quot;:&quot;px&quot;,&quot;size&quot;:&quot;&quot;,&quot;sizes&quot;:[]},&quot;_transform_skewY_effect_tablet&quot;:{&quot;unit&quot;:&quot;deg&quot;,&quot;size&quot;:&quot;&quot;,&quot;sizes&quot;:[]},&quot;_transform_skewY_effect_mobile&quot;:{&quot;unit&quot;:&quot;deg&quot;,&quot;size&quot;:&quot;&quot;,&quot;sizes&quot;:[]}}\" data-widget_type=\"spacer.default\">\n\t\t\t\t<div class=\"elementor-widget-container\">\n\t\t\t\t\t<div class=\"elementor-spacer\">\n\t\t\t<div class=\"elementor-spacer-inner\"><\/div>\n\t\t<\/div>\n\t\t\t\t<\/div>\n\t\t\t\t<\/div>\n\t\t\t\t<div class=\"elementor-element elementor-element-71e2d13 elementor-widget__width-initial e-transform elementor-absolute elementor-widget elementor-widget-spacer\" data-id=\"71e2d13\" data-element_type=\"widget\" data-settings=\"{&quot;_transform_skewX_effect&quot;:{&quot;unit&quot;:&quot;px&quot;,&quot;size&quot;:-20,&quot;sizes&quot;:[]},&quot;_position&quot;:&quot;absolute&quot;,&quot;_transform_skewX_effect_tablet&quot;:{&quot;unit&quot;:&quot;deg&quot;,&quot;size&quot;:&quot;&quot;,&quot;sizes&quot;:[]},&quot;_transform_skewX_effect_mobile&quot;:{&quot;unit&quot;:&quot;deg&quot;,&quot;size&quot;:&quot;&quot;,&quot;sizes&quot;:[]},&quot;_transform_skewY_effect&quot;:{&quot;unit&quot;:&quot;px&quot;,&quot;size&quot;:&quot;&quot;,&quot;sizes&quot;:[]},&quot;_transform_skewY_effect_tablet&quot;:{&quot;unit&quot;:&quot;deg&quot;,&quot;size&quot;:&quot;&quot;,&quot;sizes&quot;:[]},&quot;_transform_skewY_effect_mobile&quot;:{&quot;unit&quot;:&quot;deg&quot;,&quot;size&quot;:&quot;&quot;,&quot;sizes&quot;:[]}}\" data-widget_type=\"spacer.default\">\n\t\t\t\t<div class=\"elementor-widget-container\">\n\t\t\t\t\t<div class=\"elementor-spacer\">\n\t\t\t<div class=\"elementor-spacer-inner\"><\/div>\n\t\t<\/div>\n\t\t\t\t<\/div>\n\t\t\t\t<\/div>\n\t\t\t\t\t<\/div>\n\t\t<\/div>\n\t\t\t\t\t<\/div>\n\t\t<\/section>\n\t\t\t\t<\/div>\n\t\t\t\t<\/div>\n\t\t\t\t<\/div>\n\t\t\t\t<\/div>\n\t\t\t\t\t<\/div>\n\t\t<\/div>\n\t\t\t\t\t<\/div>\n\t\t<\/section>\n\t\t\t\t<\/div>\n\t\t","protected":false},"excerpt":{"rendered":"<p>Informationsschreiben f\u00fcr Besucher der Website gem\u00e4\u00df dem Gesetz Nr. 6698 zum Schutz personenbezogener Daten (\u201eKVKK\u201c)<\/p>\n","protected":false},"author":1,"featured_media":0,"parent":0,"menu_order":0,"comment_status":"closed","ping_status":"closed","template":"","meta":{"footnotes":""},"class_list":["post-3","page","type-page","status-publish","hentry"],"_links":{"self":[{"href":"https:\/\/esrauysalyuksel.av.tr\/de\/wp-json\/wp\/v2\/pages\/3","targetHints":{"allow":["GET"]}}],"collection":[{"href":"https:\/\/esrauysalyuksel.av.tr\/de\/wp-json\/wp\/v2\/pages"}],"about":[{"href":"https:\/\/esrauysalyuksel.av.tr\/de\/wp-json\/wp\/v2\/types\/page"}],"author":[{"embeddable":true,"href":"https:\/\/esrauysalyuksel.av.tr\/de\/wp-json\/wp\/v2\/users\/1"}],"replies":[{"embeddable":true,"href":"https:\/\/esrauysalyuksel.av.tr\/de\/wp-json\/wp\/v2\/comments?post=3"}],"version-history":[{"count":13,"href":"https:\/\/esrauysalyuksel.av.tr\/de\/wp-json\/wp\/v2\/pages\/3\/revisions"}],"predecessor-version":[{"id":988540,"href":"https:\/\/esrauysalyuksel.av.tr\/de\/wp-json\/wp\/v2\/pages\/3\/revisions\/988540"}],"wp:attachment":[{"href":"https:\/\/esrauysalyuksel.av.tr\/de\/wp-json\/wp\/v2\/media?parent=3"}],"curies":[{"name":"wp","href":"https:\/\/api.w.org\/{rel}","templated":true}]}}